{"id":152,"date":"2024-07-10T16:36:55","date_gmt":"2024-07-10T16:36:55","guid":{"rendered":"https:\/\/handtennis.de\/?page_id=152"},"modified":"2024-07-13T08:46:46","modified_gmt":"2024-07-13T08:46:46","slug":"impressum","status":"publish","type":"page","link":"https:\/\/handtennis.de\/en\/impressum\/","title":{"rendered":"Imprint"},"content":{"rendered":"<div data-elementor-type=\"wp-page\" data-elementor-id=\"152\" class=\"elementor elementor-152\">\n\t\t\t\t<div class=\"elementor-element elementor-element-3347bac e-flex e-con-boxed e-con e-parent\" data-id=\"3347bac\" data-element_type=\"container\" data-e-type=\"container\">\n\t\t\t\t\t<div class=\"e-con-inner\">\n\t\t\t\t<div class=\"elementor-element elementor-element-63e35e5 elementor-widget elementor-widget-text-editor\" data-id=\"63e35e5\" data-element_type=\"widget\" data-e-type=\"widget\" data-widget_type=\"text-editor.default\">\n\t\t\t\t<div class=\"elementor-widget-container\">\n\t\t\t\t\t\t\t\t\t<p>Impressum (Imprint in German)<\/p><p>Verantwortlicher und Ansprechpartner f\u00fcr diesen Web-Auftritt:<\/p><p>F a\u00a0 l k o\u00a0\u00a0\u00a0 B a u s e<\/p><p>T e l:\u00a0 0 2\u00a0 3 1\u00a0 &#8211;\u00a0 7 5\u00a0 5 4\u00a0\u00a0 8\u00a0 9 3<\/p><p>E &#8211; M a i l: \u00a0 \u00a0\u00a0\u00a0 siehe Footer<\/p><p>Gem\u00e4\u00df \u00a7 28 BDSG widerspreche ich jeder kommerziellen Verwendung und Weitergabe meiner Daten.<\/p><p>Das Impressum gilt nur f\u00fcr die Internetpr\u00e4senz unter der Adresse:<br \/>www.handtennis.de<\/p><p>Die Web-Pr\u00e4senz ist Teil des WWW und dementsprechend mit fremden, sich jederzeit wandeln k\u00f6nnenden Web-Sites verkn\u00fcpft, die folglich auch nicht diesem Verantwortungsbereich unterliegen und f\u00fcr die nachfolgende Informationen nicht gelten. Dass Links, die auf www.handtennis.de angegeben werden, weder gegen Sitten noch Gesetze versto\u00dfen, wurde genau ein mal gepr\u00fcft: bevor sie hier aufgenommen wurden. Solche Links, die zu fremden Webprojekten f\u00fchren, erkennen Sie an dem nachgestellten K\u00fcrzel: EXTLINK<\/p><p>Zweck dieses Webprojektes ist es Informationen \u00fcber den Dortmunder Handtennis-Sport zu geben und die M\u00f6glichkeit zur Kontaktaufnahme zu bieten.\u00a0 www.handtennis.de ist ein rein privates Angebot.<\/p><p>Urheberschutz und Nutzung: Der Urheber r\u00e4umt Ihnen ganz konkret das Nutzungsrecht ein, sich eine private Kopie f\u00fcr pers\u00f6nliche Zwecke anzufertigen. Nicht berechtigt sind Sie dagegen, die Materialien zu ver\u00e4ndern und\/oder weiter zu geben oder gar selbst zu ver\u00f6ffentlichen. Wenn nicht ausdr\u00fccklich anders vermerkt, liegen die Urheberrechte f\u00fcr Texte und Bilder bei der oben im Impressum genannten Person.<\/p><p>Die Inhalte dieses Webprojektes wurden sorgf\u00e4ltig gepr\u00fcft und nach bestem Wissen erstellt. Aber f\u00fcr die hier dargebotenen Informationen wird kein Anspruch auf Vollst\u00e4ndigkeit, Aktualit\u00e4t, Qualit\u00e4t und Richtigkeit erhoben. Es kann keine Verantwortung f\u00fcr Sch\u00e4den \u00fcbernommen werden, die durch das Vertrauen auf die Inhalte dieser Website oder deren Gebrauch entstehen.<\/p><p>Falls Sie vermuten, dass von dieser Website aus eines Ihrer Schutzrechte verletzt wird, teilen Sie das bitte umgehend per elektronischer Post mit, damit das Anliegen z\u00fcgig gekl\u00e4rt werden kann. Bitte nehmen Sie zur Kenntnis: Die zeitaufw\u00e4ndigere Einschaltung eines Anwaltes zur f\u00fcr den Diensteanbieter kostenpflichtigen Abmahnung entspricht nicht dessen wirklichen oder mutma\u00dflichen Willen.<\/p><div>\u00a0<\/div><div>\u00a0<\/div>\t\t\t\t\t\t\t\t<\/div>\n\t\t\t\t<\/div>\n\t\t\t\t<div class=\"elementor-element elementor-element-2121d08 elementor-widget elementor-widget-image\" data-id=\"2121d08\" data-element_type=\"widget\" data-e-type=\"widget\" data-widget_type=\"image.default\">\n\t\t\t\t<div class=\"elementor-widget-container\">\n\t\t\t\t\t\t\t\t\t\t\t\t\t\t\t<img decoding=\"async\" width=\"259\" height=\"35\" src=\"https:\/\/handtennis.de\/wp-content\/uploads\/2024\/07\/cont.png\" class=\"attachment-large size-large wp-image-249\" alt=\"\" srcset=\"https:\/\/handtennis.de\/wp-content\/uploads\/2024\/07\/cont.png 259w, https:\/\/handtennis.de\/wp-content\/uploads\/2024\/07\/cont-18x2.png 18w\" sizes=\"(max-width: 259px) 100vw, 259px\" \/>\t\t\t\t\t\t\t\t\t\t\t\t\t\t\t<\/div>\n\t\t\t\t<\/div>\n\t\t\t\t\t<\/div>\n\t\t\t\t<\/div>\n\t\t\t\t<\/div>","protected":false},"excerpt":{"rendered":"<p>Impressum (Imprint in German) Verantwortlicher und Ansprechpartner f\u00fcr diesen Web-Auftritt: F a\u00a0 l k o\u00a0\u00a0\u00a0 B a u s e T e l:\u00a0 0 2\u00a0 3 1\u00a0 &#8211;\u00a0 7 5\u00a0 5 4\u00a0\u00a0 8\u00a0 9 3 E &#8211; M a i l: \u00a0 \u00a0\u00a0\u00a0 siehe Footer Gem\u00e4\u00df \u00a7 28 BDSG widerspreche ich jeder kommerziellen Verwendung und [&hellip;]<\/p>\n","protected":false},"author":3,"featured_media":0,"parent":0,"menu_order":0,"comment_status":"closed","ping_status":"closed","template":"","meta":{"footnotes":""},"class_list":["post-152","page","type-page","status-publish","hentry","entry"],"_links":{"self":[{"href":"https:\/\/handtennis.de\/en\/wp-json\/wp\/v2\/pages\/152","targetHints":{"allow":["GET"]}}],"collection":[{"href":"https:\/\/handtennis.de\/en\/wp-json\/wp\/v2\/pages"}],"about":[{"href":"https:\/\/handtennis.de\/en\/wp-json\/wp\/v2\/types\/page"}],"author":[{"embeddable":true,"href":"https:\/\/handtennis.de\/en\/wp-json\/wp\/v2\/users\/3"}],"replies":[{"embeddable":true,"href":"https:\/\/handtennis.de\/en\/wp-json\/wp\/v2\/comments?post=152"}],"version-history":[{"count":20,"href":"https:\/\/handtennis.de\/en\/wp-json\/wp\/v2\/pages\/152\/revisions"}],"predecessor-version":[{"id":252,"href":"https:\/\/handtennis.de\/en\/wp-json\/wp\/v2\/pages\/152\/revisions\/252"}],"wp:attachment":[{"href":"https:\/\/handtennis.de\/en\/wp-json\/wp\/v2\/media?parent=152"}],"curies":[{"name":"wp","href":"https:\/\/api.w.org\/{rel}","templated":true}]}}