{"id":5,"date":"2024-05-28T05:45:03","date_gmt":"2024-05-28T05:45:03","guid":{"rendered":"https:\/\/handtennis.de\/willkommen-auf-https-dortmunderhandte-nzclo6n0ko-live-website-com\/"},"modified":"2024-07-13T08:04:27","modified_gmt":"2024-07-13T08:04:27","slug":"willkommen-auf-www-handtennis-de","status":"publish","type":"page","link":"https:\/\/handtennis.de\/en\/","title":{"rendered":"Welcome on www.handtennis.de"},"content":{"rendered":"<div data-elementor-type=\"wp-page\" data-elementor-id=\"5\" class=\"elementor elementor-5\">\n\t\t\t\t<div class=\"elementor-element elementor-element-c7382db e-grid e-con-boxed e-con e-parent\" data-id=\"c7382db\" data-element_type=\"container\" data-e-type=\"container\">\n\t\t\t\t\t<div class=\"e-con-inner\">\n\t\t\t\t<div class=\"elementor-element elementor-element-2319d88 elementor-widget elementor-widget-image\" data-id=\"2319d88\" data-element_type=\"widget\" data-e-type=\"widget\" data-widget_type=\"image.default\">\n\t\t\t\t<div class=\"elementor-widget-container\">\n\t\t\t\t\t\t\t\t\t\t\t\t\t\t\t<img fetchpriority=\"high\" decoding=\"async\" width=\"1024\" height=\"683\" src=\"https:\/\/handtennis.de\/wp-content\/uploads\/2024\/07\/handtennis_background-1024x683.jpg\" class=\"attachment-large size-large wp-image-44\" alt=\"\" srcset=\"https:\/\/handtennis.de\/wp-content\/uploads\/2024\/07\/handtennis_background-1024x683.jpg 1024w, https:\/\/handtennis.de\/wp-content\/uploads\/2024\/07\/handtennis_background-300x200.jpg 300w, https:\/\/handtennis.de\/wp-content\/uploads\/2024\/07\/handtennis_background-768x512.jpg 768w, https:\/\/handtennis.de\/wp-content\/uploads\/2024\/07\/handtennis_background-1536x1024.jpg 1536w, https:\/\/handtennis.de\/wp-content\/uploads\/2024\/07\/handtennis_background-2048x1365.jpg 2048w, https:\/\/handtennis.de\/wp-content\/uploads\/2024\/07\/handtennis_background-18x12.jpg 18w\" sizes=\"(max-width: 1024px) 100vw, 1024px\" \/>\t\t\t\t\t\t\t\t\t\t\t\t\t\t\t<\/div>\n\t\t\t\t<\/div>\n\t\t\t\t<div class=\"elementor-element elementor-element-2e6517a elementor-widget elementor-widget-text-editor\" data-id=\"2e6517a\" data-element_type=\"widget\" data-e-type=\"widget\" data-widget_type=\"text-editor.default\">\n\t\t\t\t<div class=\"elementor-widget-container\">\n\t\t\t\t\t\t\t\t\t<p><span style=\"color: #ff0000;\"><strong>Handtennis<\/strong><\/span> is an easy game to learn.<\/p><p>The rules are quite simple:<br \/>The game is played on a field approximately 12\u00d76 meters in size, which is divided in the middle by a 30 cm high beam into two 6\u00d76 meter halves. The game is usually played in doubles, so 2 against 2 players. Scoring is as it used to be in table tennis, i.e., up to 21 points and the serve changes every 5 points. The ball is hit with the bare hand. The special feature of handtennis is that after being hit, the ball must first touch the ground in the player's own half before reaching the opponent's half. This can result in very exciting and fast-paced rallies. A match typically lasts 10-15 minutes.<\/p><p>If you are interested in this wonderful sport, just drop by. We are happy to welcome every new face.<\/p>\t\t\t\t\t\t\t\t<\/div>\n\t\t\t\t<\/div>\n\t\t\t\t\t<\/div>\n\t\t\t\t<\/div>\n\t\t\t\t<\/div>","protected":false},"excerpt":{"rendered":"<p>Handtennis ist ein leicht zu erlernendes Spiel. Die Regeln sind ganz einfach:Gespielt wird auf einem ca. 12&#215;6 m gro\u00dfem Spielfeld, welches in der Mitte durch einen 30 cm hohen Balken in zwei 6x6m gro\u00dfe H\u00e4lften unterteilt ist. Gespielt wird \u00fcblicherweise im Doppel, also 2 gegen 2 Spieler. Gez\u00e4hlt wird wie fr\u00fcher beim Tischtennis, d.h. bis [&hellip;]<\/p>\n","protected":false},"author":3,"featured_media":0,"parent":0,"menu_order":0,"comment_status":"closed","ping_status":"closed","template":"","meta":{"footnotes":""},"class_list":["post-5","page","type-page","status-publish","hentry","entry"],"_links":{"self":[{"href":"https:\/\/handtennis.de\/en\/wp-json\/wp\/v2\/pages\/5","targetHints":{"allow":["GET"]}}],"collection":[{"href":"https:\/\/handtennis.de\/en\/wp-json\/wp\/v2\/pages"}],"about":[{"href":"https:\/\/handtennis.de\/en\/wp-json\/wp\/v2\/types\/page"}],"author":[{"embeddable":true,"href":"https:\/\/handtennis.de\/en\/wp-json\/wp\/v2\/users\/3"}],"replies":[{"embeddable":true,"href":"https:\/\/handtennis.de\/en\/wp-json\/wp\/v2\/comments?post=5"}],"version-history":[{"count":24,"href":"https:\/\/handtennis.de\/en\/wp-json\/wp\/v2\/pages\/5\/revisions"}],"predecessor-version":[{"id":239,"href":"https:\/\/handtennis.de\/en\/wp-json\/wp\/v2\/pages\/5\/revisions\/239"}],"wp:attachment":[{"href":"https:\/\/handtennis.de\/en\/wp-json\/wp\/v2\/media?parent=5"}],"curies":[{"name":"wp","href":"https:\/\/api.w.org\/{rel}","templated":true}]}}