{"id":73,"date":"2024-07-09T16:09:33","date_gmt":"2024-07-09T16:09:33","guid":{"rendered":"https:\/\/handtennis.de\/?page_id=73"},"modified":"2024-07-22T09:39:29","modified_gmt":"2024-07-22T09:39:29","slug":"videos","status":"publish","type":"page","link":"https:\/\/handtennis.de\/en\/willkommen-auf-www-handtennis-de\/videos\/","title":{"rendered":"Videos"},"content":{"rendered":"<div data-elementor-type=\"wp-page\" data-elementor-id=\"73\" class=\"elementor elementor-73\">\n\t\t\t\t<div class=\"elementor-element elementor-element-6b7a6b2 e-flex e-con-boxed e-con e-parent\" data-id=\"6b7a6b2\" data-element_type=\"container\" data-e-type=\"container\">\n\t\t\t\t\t<div class=\"e-con-inner\">\n\t\t\t\t<div class=\"elementor-element elementor-element-f902ea7 elementor-widget elementor-widget-video\" data-id=\"f902ea7\" data-element_type=\"widget\" data-e-type=\"widget\" data-settings=\"{&quot;video_type&quot;:&quot;hosted&quot;,&quot;controls&quot;:&quot;yes&quot;}\" data-widget_type=\"video.default\">\n\t\t\t\t<div class=\"elementor-widget-container\">\n\t\t\t\t\t\t\t<div class=\"e-hosted-video elementor-wrapper elementor-open-inline\">\n\t\t\t\t\t<video class=\"elementor-video\" src=\"https:\/\/handtennis.de\/wp-content\/uploads\/2024\/07\/dohts_3-640-360.mp4\" controls=\"\" preload=\"metadata\" controlslist=\"nodownload\"><\/video>\n\t\t\t\t<\/div>\n\t\t\t\t\t\t<\/div>\n\t\t\t\t<\/div>\n\t\t\t\t\t<\/div>\n\t\t\t\t<\/div>\n\t\t<div class=\"elementor-element elementor-element-80c92ad e-flex e-con-boxed e-con e-parent\" data-id=\"80c92ad\" data-element_type=\"container\" data-e-type=\"container\">\n\t\t\t\t\t<div class=\"e-con-inner\">\n\t\t\t\t<div class=\"elementor-element elementor-element-abe7e4f elementor-widget elementor-widget-text-editor\" data-id=\"abe7e4f\" data-element_type=\"widget\" data-e-type=\"widget\" data-widget_type=\"text-editor.default\">\n\t\t\t\t<div class=\"elementor-widget-container\">\n\t\t\t\t\t\t\t\t\t<p><span style=\"font-family: Arial; color: #000000; font-size: large;\"><span style=\"font-size: small;\">This <strong><span style=\"text-decoration: underline;\"><a href=\"https:\/\/handtennis.de\/wp-content\/uploads\/2024\/07\/dohts_3.mp4\">video<\/a><\/span><\/strong> in high resolution.<\/span><\/span><\/p><p><span style=\"font-family: Arial; color: #000000; font-size: large;\"><span style=\"font-size: small;\">The next <strong><span style=\"text-decoration: underline;\"><a href=\"https:\/\/handtennis.de\/wp-content\/uploads\/2024\/07\/dohts_2.mp4\" target=\"_blank\" rel=\"noopener\"><span class=\"link\">video<\/span><\/a><\/span><\/strong><\/span><\/span> <span style=\"font-family: Arial; color: #000000; font-size: large;\"><span style=\"font-size: small;\">shows longer rallies, first in slow motion and then at normal speed<\/span><\/span><\/p>\t\t\t\t\t\t\t\t<\/div>\n\t\t\t\t<\/div>\n\t\t\t\t\t<\/div>\n\t\t\t\t<\/div>\n\t\t<div class=\"elementor-element elementor-element-40d0527 e-flex e-con-boxed e-con e-parent\" data-id=\"40d0527\" data-element_type=\"container\" data-e-type=\"container\">\n\t\t\t\t\t<div class=\"e-con-inner\">\n\t\t\t\t<div class=\"elementor-element elementor-element-593dc40 elementor-widget elementor-widget-video\" data-id=\"593dc40\" data-element_type=\"widget\" data-e-type=\"widget\" data-settings=\"{&quot;video_type&quot;:&quot;hosted&quot;,&quot;controls&quot;:&quot;yes&quot;}\" data-widget_type=\"video.default\">\n\t\t\t\t<div class=\"elementor-widget-container\">\n\t\t\t\t\t\t\t<div class=\"e-hosted-video elementor-wrapper elementor-open-inline\">\n\t\t\t\t\t<video class=\"elementor-video\" src=\"https:\/\/handtennis.de\/wp-content\/uploads\/2024\/07\/dohts_2.mp4\" controls=\"\" preload=\"metadata\" controlslist=\"nodownload\"><\/video>\n\t\t\t\t<\/div>\n\t\t\t\t\t\t<\/div>\n\t\t\t\t<\/div>\n\t\t\t\t\t<\/div>\n\t\t\t\t<\/div>\n\t\t\t\t<\/div>","protected":false},"excerpt":{"rendered":"<p>https:\/\/handtennis.de\/wp-content\/uploads\/2024\/07\/dohts_3-640-360.mp4 Dieses Video in hoher Aufl\u00f6sung. Das n\u00e4chste Video zeigt l\u00e4ngere Ballwechsel, zuerst in Zeitlupe und dann in normaler Geschwindigkeit https:\/\/handtennis.de\/wp-content\/uploads\/2024\/07\/dohts_2.mp4<\/p>","protected":false},"author":3,"featured_media":0,"parent":5,"menu_order":1,"comment_status":"closed","ping_status":"closed","template":"","meta":{"footnotes":""},"class_list":["post-73","page","type-page","status-publish","hentry","entry"],"_links":{"self":[{"href":"https:\/\/handtennis.de\/en\/wp-json\/wp\/v2\/pages\/73","targetHints":{"allow":["GET"]}}],"collection":[{"href":"https:\/\/handtennis.de\/en\/wp-json\/wp\/v2\/pages"}],"about":[{"href":"https:\/\/handtennis.de\/en\/wp-json\/wp\/v2\/types\/page"}],"author":[{"embeddable":true,"href":"https:\/\/handtennis.de\/en\/wp-json\/wp\/v2\/users\/3"}],"replies":[{"embeddable":true,"href":"https:\/\/handtennis.de\/en\/wp-json\/wp\/v2\/comments?post=73"}],"version-history":[{"count":28,"href":"https:\/\/handtennis.de\/en\/wp-json\/wp\/v2\/pages\/73\/revisions"}],"predecessor-version":[{"id":281,"href":"https:\/\/handtennis.de\/en\/wp-json\/wp\/v2\/pages\/73\/revisions\/281"}],"up":[{"embeddable":true,"href":"https:\/\/handtennis.de\/en\/wp-json\/wp\/v2\/pages\/5"}],"wp:attachment":[{"href":"https:\/\/handtennis.de\/en\/wp-json\/wp\/v2\/media?parent=73"}],"curies":[{"name":"wp","href":"https:\/\/api.w.org\/{rel}","templated":true}]}}